{"id":91,"date":"2025-11-11T14:00:11","date_gmt":"2025-11-11T13:00:11","guid":{"rendered":"https:\/\/cg.diff.hu\/home\/"},"modified":"2025-11-24T17:20:21","modified_gmt":"2025-11-24T16:20:21","slug":"home","status":"publish","type":"page","link":"https:\/\/cg.diff.hu\/es\/","title":{"rendered":"Hogar"},"content":{"rendered":"<div id=\"pl-91\"  class=\"panel-layout\" ><div id=\"pg-91-0\"  class=\"panel-grid panel-has-style\"  style=\"margin-bottom: px\" ><div style=\"padding: 6rem 0rem 0rem 0rem;\" class=\"panel-row-style panel-row-style-for-91-0\" ><div id=\"pgc-91-0-0\"  class=\"panel-grid-cell\" ><div id=\"panel-91-0-0-0\" class=\"so-panel widget widget_ndm-section-title panel-first-child panel-last-child\" data-index=\"0\" ><div\n\t\t\t\n\t\t\tclass=\"so-widget-ndm-section-title so-widget-ndm-section-title-default-d75171398898-91\"\n\t\t\t\n\t\t><div class=\"ndm-st text-center\"><img decoding=\"async\" src=\"https:\/\/cg.diff.hu\/wp-content\/themes\/cortesgarden\/img\/leafa.svg\"><h2 class=\"ndm-st__title text-uppercase\">Sobre Nosotros<\/h2><h3 class=\"ndm-st__subtitle text-uppercase\">Inspirado por la Naturaleza. Creado para el Placer.<\/h3><div class=\"ndm-st__desc\"><section class=\"py-24 px-4\">\n<div class=\"max-w-4xl mx-auto text-center\">\n<p class=\"text-md leading-6\">Un jard\u00edn escondido en Marbella, donde el alma mediterr\u00e1nea se encuentra con el fuego culinario. Rodeado de palmeras y fuentes de agua, ofrecemos una experiencia gastron\u00f3mica elegante y relajada con amplio estacionamiento para su comodidad.<\/p>\n<\/div>\n<\/section>\n<section class=\"py-12 px-4\"><\/section>\n<\/div><\/div><\/div><\/div><\/div><\/div><\/div><div id=\"pg-91-1\"  class=\"panel-grid panel-has-style\"  style=\"margin-bottom: px\" ><div style=\"padding: 6rem 0rem 0rem 0rem;\" class=\"panel-row-style panel-row-style-for-91-1\" ><div id=\"pgc-91-1-0\"  class=\"panel-grid-cell\" ><div id=\"panel-91-1-0-0\" class=\"so-panel widget widget_ndm-section-title panel-first-child\" data-index=\"1\" style=\"margin-bottom: px\" ><div\n\t\t\t\n\t\t\tclass=\"so-widget-ndm-section-title so-widget-ndm-section-title-default-d75171398898-91\"\n\t\t\t\n\t\t><div class=\"ndm-st text-center\"><img decoding=\"async\" src=\"https:\/\/cg.diff.hu\/wp-content\/themes\/cortesgarden\/img\/leafb.svg\"><h2 class=\"ndm-st__title text-uppercase\">Comida para Todos los Gustos<\/h2><div class=\"ndm-st__desc\"><p>Desde deliciosos desayunos frescos hasta cenas sofisticadas, nuestro men\u00fa celebra los sabores mediterr\u00e1neos con influencias internacionales:<\/p>\n<\/div><\/div><\/div><\/div><div id=\"panel-91-1-0-1\" class=\"so-panel widget widget_siteorigin-panels-postloop\" data-index=\"2\" style=\"margin-bottom: px\" ><div class=\"d-grid grid--col-3 panel-widget-style panel-widget-style-for-91-1-0-1\" style=\"padding: 0rem 0rem 3rem 0rem;\" >\n<article id=\"post-98\" class=\"ndm-gallery post-98 gallery type-gallery status-publish has-post-thumbnail hentry\" itemscope itemtype=\"https:\/\/schema.org\/ImageGallery\">\n                        <a \n                href=\"https:\/\/cg.diff.hu\/es\/galeria\/fusion-global\/\" \n                class=\"d-block\" \n                aria-label=\"View gallery: Fusi\u00f3n Global\"\n                itemprop=\"url\"\n            >\n                <picture>\n                    <source srcset=\"https:\/\/cg.diff.hu\/wp-content\/uploads\/2025\/11\/food.jpg 1100w, https:\/\/cg.diff.hu\/wp-content\/uploads\/2025\/11\/food-768x768.jpg 768w, https:\/\/cg.diff.hu\/wp-content\/uploads\/2025\/11\/food-333x333.jpg 333w, https:\/\/cg.diff.hu\/wp-content\/uploads\/2025\/11\/food-705x705.jpg 705w, https:\/\/cg.diff.hu\/wp-content\/uploads\/2025\/11\/food-880x880.jpg 880w, https:\/\/cg.diff.hu\/wp-content\/uploads\/2025\/11\/food-514x514.jpg 514w, https:\/\/cg.diff.hu\/wp-content\/uploads\/2025\/11\/food-1067x1067.jpg 1067w, https:\/\/cg.diff.hu\/wp-content\/uploads\/2025\/11\/food-427x427.jpg 427w\" sizes=\"(max-width: 600px) 480px, 800px\">\n                    <img \n                        src=\"https:\/\/cg.diff.hu\/wp-content\/uploads\/2025\/11\/food.jpg\" \n                        class=\"ndm-gallery__feat-img\" \n                        alt=\"Global Fusion\" \n                        loading=\"lazy\" \n                        decoding=\"async\" \n                        itemprop=\"image\" \n                        title=\"Cortes Garden Marbella\">\n                <\/picture>\n\n                <h3 class=\"ndm-gallery__title text-uppercase mb-0\" itemprop=\"name\">\n                    Fusi\u00f3n Global                <\/h3>\n            <\/a>\n            <\/article>\n<article id=\"post-100\" class=\"ndm-gallery post-100 gallery type-gallery status-publish has-post-thumbnail hentry\" itemscope itemtype=\"https:\/\/schema.org\/ImageGallery\">\n                        <a \n                href=\"https:\/\/cg.diff.hu\/es\/galeria\/vinos-cocteles\/\" \n                class=\"d-block\" \n                aria-label=\"View gallery: Vinos &#038; C\u00f3cteles\"\n                itemprop=\"url\"\n            >\n                <picture>\n                    <source srcset=\"https:\/\/cg.diff.hu\/wp-content\/uploads\/2025\/11\/wine.jpg 800w, https:\/\/cg.diff.hu\/wp-content\/uploads\/2025\/11\/wine-768x768.jpg 768w, https:\/\/cg.diff.hu\/wp-content\/uploads\/2025\/11\/wine-333x333.jpg 333w, https:\/\/cg.diff.hu\/wp-content\/uploads\/2025\/11\/wine-705x705.jpg 705w, https:\/\/cg.diff.hu\/wp-content\/uploads\/2025\/11\/wine-514x514.jpg 514w, https:\/\/cg.diff.hu\/wp-content\/uploads\/2025\/11\/wine-427x427.jpg 427w\" sizes=\"(max-width: 600px) 480px, 800px\">\n                    <img \n                        src=\"https:\/\/cg.diff.hu\/wp-content\/uploads\/2025\/11\/wine.jpg\" \n                        class=\"ndm-gallery__feat-img\" \n                        alt=\"Wines &amp; Cocktails\" \n                        loading=\"lazy\" \n                        decoding=\"async\" \n                        itemprop=\"image\" \n                        title=\"Cortes Garden Marbella\">\n                <\/picture>\n\n                <h3 class=\"ndm-gallery__title text-uppercase mb-0\" itemprop=\"name\">\n                    Vinos &#038; C\u00f3cteles                <\/h3>\n            <\/a>\n            <\/article>\n<article id=\"post-96\" class=\"ndm-gallery post-96 gallery type-gallery status-publish has-post-thumbnail hentry\" itemscope itemtype=\"https:\/\/schema.org\/ImageGallery\">\n                        <a \n                href=\"https:\/\/cg.diff.hu\/es\/galeria\/comida-divertida\/\" \n                class=\"d-block\" \n                aria-label=\"View gallery: Comida Divertida\"\n                itemprop=\"url\"\n            >\n                <picture>\n                    <source srcset=\"https:\/\/cg.diff.hu\/wp-content\/uploads\/2025\/11\/family.jpg 800w, https:\/\/cg.diff.hu\/wp-content\/uploads\/2025\/11\/family-768x768.jpg 768w, https:\/\/cg.diff.hu\/wp-content\/uploads\/2025\/11\/family-333x333.jpg 333w, https:\/\/cg.diff.hu\/wp-content\/uploads\/2025\/11\/family-705x705.jpg 705w, https:\/\/cg.diff.hu\/wp-content\/uploads\/2025\/11\/family-514x514.jpg 514w, https:\/\/cg.diff.hu\/wp-content\/uploads\/2025\/11\/family-427x427.jpg 427w\" sizes=\"(max-width: 600px) 480px, 800px\">\n                    <img \n                        src=\"https:\/\/cg.diff.hu\/wp-content\/uploads\/2025\/11\/family.jpg\" \n                        class=\"ndm-gallery__feat-img\" \n                        alt=\"Fun Dining\" \n                        loading=\"lazy\" \n                        decoding=\"async\" \n                        itemprop=\"image\" \n                        title=\"Cortes Garden Marbella\">\n                <\/picture>\n\n                <h3 class=\"ndm-gallery__title text-uppercase mb-0\" itemprop=\"name\">\n                    Comida Divertida                <\/h3>\n            <\/a>\n            <\/article><\/div><\/div><div id=\"panel-91-1-0-2\" class=\"so-panel widget widget_ndm-btn panel-last-child\" data-index=\"3\" ><div\n\t\t\t\n\t\t\tclass=\"so-widget-ndm-btn so-widget-ndm-btn-default-d75171398898-96\"\n\t\t\t\n\t\t><div class=\"ndm-btn text-center\"><a href=\"https:\/\/cg.diff.hu\/es\/menu\/\" class=\"btn btn-primary \"><span>Men\u00fa<\/span><\/a><\/div><\/div><\/div><\/div><\/div><\/div><div id=\"pg-91-2\"  class=\"panel-grid panel-has-style\" ><div style=\"padding: 6rem 0rem 6rem 0rem;\" class=\"panel-row-style panel-row-style-for-91-2\" ><div id=\"pgc-91-2-0\"  class=\"panel-grid-cell\" ><div id=\"panel-91-2-0-0\" class=\"so-panel widget widget_ndm-section-title panel-first-child\" data-index=\"4\" style=\"margin-bottom: px\" ><div\n\t\t\t\n\t\t\tclass=\"so-widget-ndm-section-title so-widget-ndm-section-title-default-d75171398898-96\"\n\t\t\t\n\t\t><div class=\"ndm-st text-center\"><img decoding=\"async\" src=\"https:\/\/cg.diff.hu\/wp-content\/themes\/cortesgarden\/img\/leafc.svg\"><h2 class=\"ndm-st__title text-uppercase\">Ubicaci\u00f3n<\/h2><div class=\"ndm-st__desc\"><p>Urb. La Dama de Noche, Bloque 15. 29660, Marbella<\/p>\n<\/div><\/div><\/div><\/div><div id=\"panel-91-2-0-1\" class=\"so-panel widget widget_ndm-map panel-last-child\" data-index=\"5\" ><div\n\t\t\t\n\t\t\tclass=\"so-widget-ndm-map so-widget-ndm-map-default-d75171398898-96\"\n\t\t\t\n\t\t><div class=\"map-container\">\r\n    <div id=\"map\" style=\"width: 100%; height: 400px;\">\r\n        <script src=\"https:\/\/maps.googleapis.com\/maps\/api\/js?key=AIzaSyC_a6L9vplQKQ4la5E5W4jDo7ZB8gAnaPk&callback=initMap\" async defer><\/script>\r\n        <script>\r\n            function initMap() {\r\n                var styles = [\r\n                                {\r\n                                    \"featureType\": \"water\",\r\n                                    \"elementType\": \"geometry\",\r\n                                    \"stylers\": [\r\n                                        {\r\n                                            \"color\": \"#e9e9e9\"\r\n                                        },\r\n                                        {\r\n                                            \"lightness\": 17\r\n                                        }\r\n                                    ]\r\n                                },\r\n                                {\r\n                                    \"featureType\": \"landscape\",\r\n                                    \"elementType\": \"geometry\",\r\n                                    \"stylers\": [\r\n                                        {\r\n                                            \"color\": \"#f5f5f5\"\r\n                                        },\r\n                                        {\r\n                                            \"lightness\": 20\r\n                                        }\r\n                                    ]\r\n                                },\r\n                                {\r\n                                    \"featureType\": \"road.highway\",\r\n                                    \"elementType\": \"geometry.fill\",\r\n                                    \"stylers\": [\r\n                                        {\r\n                                            \"color\": \"#ffffff\"\r\n                                        },\r\n                                        {\r\n                                            \"lightness\": 17\r\n                                        }\r\n                                    ]\r\n                                },\r\n                                {\r\n                                    \"featureType\": \"road.highway\",\r\n                                    \"elementType\": \"geometry.stroke\",\r\n                                    \"stylers\": [\r\n                                        {\r\n                                            \"color\": \"#ffffff\"\r\n                                        },\r\n                                        {\r\n                                            \"lightness\": 29\r\n                                        },\r\n                                        {\r\n                                            \"weight\": 0.2\r\n                                        }\r\n                                    ]\r\n                                },\r\n                                {\r\n                                    \"featureType\": \"road.arterial\",\r\n                                    \"elementType\": \"geometry\",\r\n                                    \"stylers\": [\r\n                                        {\r\n                                            \"color\": \"#ffffff\"\r\n                                        },\r\n                                        {\r\n                                            \"lightness\": 18\r\n                                        }\r\n                                    ]\r\n                                },\r\n                                {\r\n                                    \"featureType\": \"road.local\",\r\n                                    \"elementType\": \"geometry\",\r\n                                    \"stylers\": [\r\n                                        {\r\n                                            \"color\": \"#ffffff\"\r\n                                        },\r\n                                        {\r\n                                            \"lightness\": 16\r\n                                        }\r\n                                    ]\r\n                                },\r\n                                {\r\n                                    \"featureType\": \"poi\",\r\n                                    \"elementType\": \"geometry\",\r\n                                    \"stylers\": [\r\n                                        {\r\n                                            \"color\": \"#f5f5f5\"\r\n                                        },\r\n                                        {\r\n                                            \"lightness\": 21\r\n                                        }\r\n                                    ]\r\n                                },\r\n                                {\r\n                                    \"featureType\": \"poi.park\",\r\n                                    \"elementType\": \"geometry\",\r\n                                    \"stylers\": [\r\n                                        {\r\n                                            \"color\": \"#dedede\"\r\n                                        },\r\n                                        {\r\n                                            \"lightness\": 21\r\n                                        }\r\n                                    ]\r\n                                },\r\n                                {\r\n                                    \"elementType\": \"labels.text.stroke\",\r\n                                    \"stylers\": [\r\n                                        {\r\n                                            \"visibility\": \"on\"\r\n                                        },\r\n                                        {\r\n                                            \"color\": \"#ffffff\"\r\n                                        },\r\n                                        {\r\n                                            \"lightness\": 16\r\n                                        }\r\n                                    ]\r\n                                },\r\n                                {\r\n                                    \"elementType\": \"labels.text.fill\",\r\n                                    \"stylers\": [\r\n                                        {\r\n                                            \"saturation\": 36\r\n                                        },\r\n                                        {\r\n                                            \"color\": \"#333333\"\r\n                                        },\r\n                                        {\r\n                                            \"lightness\": 40\r\n                                        }\r\n                                    ]\r\n                                },\r\n                                {\r\n                                    \"elementType\": \"labels.icon\",\r\n                                    \"stylers\": [\r\n                                        {\r\n                                            \"visibility\": \"off\"\r\n                                        }\r\n                                    ]\r\n                                },\r\n                                {\r\n                                    \"featureType\": \"transit\",\r\n                                    \"elementType\": \"geometry\",\r\n                                    \"stylers\": [\r\n                                        {\r\n                                            \"color\": \"#f2f2f2\"\r\n                                        },\r\n                                        {\r\n                                            \"lightness\": 19\r\n                                        }\r\n                                    ]\r\n                                },\r\n                                {\r\n                                    \"featureType\": \"administrative\",\r\n                                    \"elementType\": \"geometry.fill\",\r\n                                    \"stylers\": [\r\n                                        {\r\n                                            \"color\": \"#fefefe\"\r\n                                        },\r\n                                        {\r\n                                            \"lightness\": 20\r\n                                        }\r\n                                    ]\r\n                                },\r\n                                {\r\n                                    \"featureType\": \"administrative\",\r\n                                    \"elementType\": \"geometry.stroke\",\r\n                                    \"stylers\": [\r\n                                        {\r\n                                            \"color\": \"#fefefe\"\r\n                                        },\r\n                                        {\r\n                                            \"lightness\": 17\r\n                                        },\r\n                                        {\r\n                                            \"weight\": 1.2\r\n                                        }\r\n                                    ]\r\n                                }\r\n                            ]\r\n\r\n                var mapOptions = {\r\n                    center: { lat: 36.50093796564499, lng: -4.951457093254892 },\r\n                    zoom: 16,\r\n                    styles: styles,\r\n                    mapTypeControl: false,\r\n                    streetViewControl: false\r\n                };\r\n\r\n                var map = new google.maps.Map(document.getElementById('map'), mapOptions);\r\n\r\n                \/\/ Marker\r\n                var marker = new google.maps.Marker({\r\n                    position: { lat: 36.50093796564499, lng: -4.951457093254892 },\r\n                    map: map,\r\n                    title: 'Cortes Garden'\r\n                });\r\n            }\r\n        <\/script>\r\n\r\n    <\/div>\r\n<\/div><\/div><\/div><\/div><\/div><\/div><\/div>","protected":false},"excerpt":{"rendered":"","protected":false},"author":2,"featured_media":0,"parent":0,"menu_order":1,"comment_status":"closed","ping_status":"closed","template":"fullwidth.php","meta":{"_acf_changed":false,"footnotes":""},"class_list":["post-91","page","type-page","status-publish","hentry"],"acf":[],"_links":{"self":[{"href":"https:\/\/cg.diff.hu\/es\/wp-json\/wp\/v2\/pages\/91","targetHints":{"allow":["GET"]}}],"collection":[{"href":"https:\/\/cg.diff.hu\/es\/wp-json\/wp\/v2\/pages"}],"about":[{"href":"https:\/\/cg.diff.hu\/es\/wp-json\/wp\/v2\/types\/page"}],"author":[{"embeddable":true,"href":"https:\/\/cg.diff.hu\/es\/wp-json\/wp\/v2\/users\/2"}],"replies":[{"embeddable":true,"href":"https:\/\/cg.diff.hu\/es\/wp-json\/wp\/v2\/comments?post=91"}],"version-history":[{"count":3,"href":"https:\/\/cg.diff.hu\/es\/wp-json\/wp\/v2\/pages\/91\/revisions"}],"predecessor-version":[{"id":94,"href":"https:\/\/cg.diff.hu\/es\/wp-json\/wp\/v2\/pages\/91\/revisions\/94"}],"wp:attachment":[{"href":"https:\/\/cg.diff.hu\/es\/wp-json\/wp\/v2\/media?parent=91"}],"curies":[{"name":"wp","href":"https:\/\/api.w.org\/{rel}","templated":true}]}}